{"id":73,"date":"2017-01-30T15:52:37","date_gmt":"2017-01-30T14:52:37","guid":{"rendered":"https:\/\/focus-sped.de\/pl\/?page_id=73"},"modified":"2020-01-09T01:00:23","modified_gmt":"2020-01-09T00:00:23","slug":"impressum","status":"publish","type":"page","link":"https:\/\/focus-sped.de\/pl\/impressum\/","title":{"rendered":"Impressum"},"content":{"rendered":"<p>FOCUS Spedition GmbH<br \/>\nLeerk\u00e4mpe 8 B\u00a0\u00a0\u00a0\u00a0\u00a0\u00a0 28259 Bremen<br \/>\nPo. Box 66 02 40\u00a0\u00a0\u00a0\u00a0 28242 Bremen<\/p>\n<p>Tel.:\u00a0\u00a0+49 \u2013 421-56530-0<br \/>\nFax.: +49 &#8211; 421-56530-30<br \/>\ne-Mail: dispo@focus-sped.de<br \/>\ninternet: www.focus-sped.de<\/p>\n<p><span style=\"font-size: small;\"><span lang=\"pl-PL\">Prezes\/Dyrektor \u2013 M. Pozorski<\/span><\/span><\/p>\n<p><span style=\"font-size: small;\"><span lang=\"pl-PL\">Rejestr handlowy: HRB 29928<\/span><\/span><\/p>\n<p><span style=\"font-size: small;\"><span lang=\"pl-PL\">Ograniczenie odpowiedzialno\u015bci<\/span><\/span><\/p>\n<p><span style=\"font-size: small;\"><span lang=\"pl-PL\">FOCUS Spedition GmbH dok\u0142ada wszelkich stara\u0144, by informacje zawarte na tej stronie by\u0142y zawsze aktualne i dok\u0142adne.Wla\u015bciciel strony nie ponosi jednak \u017cadnej odpowiedzialno\u015bci za poprawno\u015b\u0107, kompletno\u015b\u0107 oraz aktualno\u015b\u0107 informacji zawartych na tej stronie. Korzystanie z tre\u015bci tej strony odbywa si\u0119 na w\u0142asn\u0105 odpowiedzialno\u015b\u0107 u\u017cytkownika. Podpisane artyku\u0142y odzwierciedlaj\u0105 opinie autora, ale niekoniecznie opinie us\u0142ugodawcy. Korzystanie z tre\u015bci strony internetowej nie oznacza powstania stosunku umowy mi\u0119dzy u\u017cytkownikiem a w\u0142a\u015bcicielem strony.<\/span><\/span><\/p>\n<p><span style=\"font-size: small;\"><span lang=\"pl-PL\">Linki zewn\u0119trzne<\/span><\/span><\/p>\n<p><span style=\"font-size: small;\"><span lang=\"pl-PL\">Strona internetowa zawiera linki zewn\u0119trzne. Za linki zewn\u0119trzne, do kt\u00f3ryc h odwo\u0142uje si\u0119 strona odpowiada ich administrator. W\u0142a\u015bciciel strony sprawdzi\u0142 przy pierwszym po\u0142\u0105czeniu z linkami zewn\u0119trznymi, czy nie istnieje jakiekolwiek naruszenie prawa. W tym czasie naruszenia prawa nie zosta\u0142y rozpoznane. Bez konkretnyc h dowod\u00f3w naruszenia prawa w\u0142a\u015bciciel strony nie jest w stanie stale kontrolowa\u0107 link\u00f3w zewn\u0119trznych. W razie uzyskania informacji o z\u0142amaniu prawa przez takie linki, bed\u0105 one niezwlocznie usuwane.<\/span><\/span><\/p>\n<p><span style=\"font-size: small;\"><span lang=\"pl-PL\">Prawa autorskie<\/span><\/span><\/p>\n<p><span style=\"font-size: small;\"><span lang=\"pl-PL\">Tre\u015bci publikowane na tej stronie podlegaj\u0105 niemieckiemu prawu autorskiemu i <\/span><\/span><span style=\"color: #ff0000;\"><span style=\"font-size: small;\"><span lang=\"pl-PL\">Leistungsschutzrech<\/span><\/span><\/span><span style=\"font-size: small;\"><span lang=\"pl-PL\">t. Powo\u0142ujac sie na prawa autorskie rozpowszechnianie tre\u015bci wymaga uprzedniej pisemnej zgody w\u0142a\u015bciciela strony lub w\u0142a\u015bciciela tre\u015bci. Nieautoryzowane kopiowanie lub dystrybucja pojedynczych tre\u015bci jest zabroniona i karalna.Jednak\u017ce tworzenie kopii i pliki do pobrania dla u\u017cytku osobistego, prywatnego i niekomercyjnego jest dozwolone. Prezentacja tej strony na obcych witrynach dozwolona jest jedynie po uzyskaniu pisemnej zgody.<\/span><\/span><\/p>\n","protected":false},"excerpt":{"rendered":"<p>FOCUS Spedition GmbH Leerk\u00e4mpe 8 B\u00a0\u00a0\u00a0\u00a0\u00a0\u00a0 28259 Bremen Po. Box 66 02 40\u00a0\u00a0\u00a0\u00a0 28242 Bremen Tel.:\u00a0\u00a0+49 \u2013 421-56530-0 Fax.: +49 &#8211; 421-56530-30 e-Mail: dispo@focus-sped.de internet: www.focus-sped.de Prezes\/Dyrektor \u2013 M. Pozorski Rejestr handlowy: HRB 29928 Ograniczenie odpowiedzialno\u015bci FOCUS Spedition GmbH dok\u0142ada wszelkich stara\u0144, by informacje zawarte na tej stronie by\u0142y zawsze aktualne i dok\u0142adne.Wla\u015bciciel strony nie [&hellip;]<\/p>\n","protected":false},"author":1,"featured_media":0,"parent":0,"menu_order":0,"comment_status":"closed","ping_status":"closed","template":"","meta":{"_et_pb_use_builder":"","_et_pb_old_content":"","_et_gb_content_width":"","footnotes":""},"class_list":["post-73","page","type-page","status-publish","hentry"],"_links":{"self":[{"href":"https:\/\/focus-sped.de\/pl\/wp-json\/wp\/v2\/pages\/73","targetHints":{"allow":["GET"]}}],"collection":[{"href":"https:\/\/focus-sped.de\/pl\/wp-json\/wp\/v2\/pages"}],"about":[{"href":"https:\/\/focus-sped.de\/pl\/wp-json\/wp\/v2\/types\/page"}],"author":[{"embeddable":true,"href":"https:\/\/focus-sped.de\/pl\/wp-json\/wp\/v2\/users\/1"}],"replies":[{"embeddable":true,"href":"https:\/\/focus-sped.de\/pl\/wp-json\/wp\/v2\/comments?post=73"}],"version-history":[{"count":3,"href":"https:\/\/focus-sped.de\/pl\/wp-json\/wp\/v2\/pages\/73\/revisions"}],"predecessor-version":[{"id":247,"href":"https:\/\/focus-sped.de\/pl\/wp-json\/wp\/v2\/pages\/73\/revisions\/247"}],"wp:attachment":[{"href":"https:\/\/focus-sped.de\/pl\/wp-json\/wp\/v2\/media?parent=73"}],"curies":[{"name":"wp","href":"https:\/\/api.w.org\/{rel}","templated":true}]}}