{"id":254,"date":"2020-01-09T01:36:06","date_gmt":"2020-01-09T00:36:06","guid":{"rendered":"https:\/\/focus-sped.de\/pl\/?page_id=254"},"modified":"2020-01-09T01:36:06","modified_gmt":"2020-01-09T00:36:06","slug":"polityka-prywatnosci","status":"publish","type":"page","link":"https:\/\/focus-sped.de\/pl\/polityka-prywatnosci\/","title":{"rendered":"Polityka prywatno\u015bci"},"content":{"rendered":"<p>W niniejszej polityce prywatno\u015bci informujemy o przetwarzaniu danych osobowych podczas korzystania z tej witryny.<\/p>\n<p><strong>Odpowiedzialny<\/strong><\/p>\n<p>Za przetwarzanie danych odpowiedzialny jest operator strony internetowej<\/p>\n<p>apartmedia GmbH, Damaschkestra\u00dfe 10, 28307 Bremen<\/p>\n<p><strong>Dane osobowe<\/strong><\/p>\n<p>Dane osobowe oznaczaj\u0105 wszelkie informacje dotycz\u0105ce zidentyfikowanej lub mo\u017cliwej do zidentyfikowania osoby fizycznej (\u201eosoby, kt\u00f3rej dane dotycz\u0105\u201d). Osoba fizyczna jest uwa\u017cana za mo\u017cliw\u0105 do zidentyfikowania, kt\u00f3r\u0105 mo\u017cna zidentyfikowa\u0107 bezpo\u015brednio lub po\u015brednio, w szczeg\u00f3lno\u015bci poprzez powi\u0105zanie z identyfikatorem, takim jak imi\u0119 i nazwisko, numer identyfikacyjny, dane o lokalizacji, identyfikator online lub jedna lub wi\u0119cej cech specjalnych, wyra\u017cenie fizyczne , fizjologiczna, genetyczna, psychiczna, ekonomiczna, kulturowa lub spo\u0142eczna to\u017csamo\u015b\u0107 tej osoby fizycznej.<\/p>\n<p><strong>Dane podczas po\u0142\u0105czenia z witryn\u0105<\/strong><\/p>\n<p>Je\u015bli korzystasz z tej witryny tylko w celu uzyskania informacji i nie podajesz \u017cadnych danych, przetwarzamy tylko dane wymagane do wy\u015bwietlenia witryny na u\u017cywanym urz\u0105dzeniu z dost\u0119pem do Internetu. S\u0105 to w szczeg\u00f3lno\u015bci:<\/p>\n<ul>\n<li>Adres IP<\/li>\n<li>Data i godzina zapytania<\/li>\n<li>ka\u017cda przes\u0142ana ilo\u015b\u0107 danych<\/li>\n<li>Witryna, z kt\u00f3rej pochodzi \u017c\u0105danie<\/li>\n<li>Typ przegl\u0105darki i wersja przegl\u0105darki<\/li>\n<li>System operacyjny<\/li>\n<\/ul>\n<p>Podstaw\u0105 prawn\u0105 przetwarzania tych danych s\u0105 uzasadnione interesy zgodnie z art. 6 ust. 1 UAbs. 1 litera f) RODO, aby zasadniczo umo\u017cliwi\u0107 prezentacj\u0119 strony internetowej.<\/p>\n<p>Ponadto mo\u017cesz korzysta\u0107 z r\u00f3\u017cnych us\u0142ug w witrynie, kt\u00f3re przetwarzaj\u0105 inne dane osobowe i nieosobowe<strong>.<\/strong><\/p>\n<p>&nbsp;<\/p>\n<p><strong>Twoje prawa <\/strong><\/p>\n<p>Jako osoba, kt\u00f3rej to dotyczy, masz nast\u0119puj\u0105ce prawa:<\/p>\n<ul>\n<li>Masz prawo dost\u0119pu do danych osobowych dotycz\u0105cych ciebie, kt\u00f3re osoba odpowiedzialna przetwarza (art. 15 RODO),<\/li>\n<li>Masz prawo do poprawienia swoich danych, je\u015bli s\u0105 one przechowywane nieprawid\u0142owo lub niekompletnie (art. 16 RODO),<\/li>\n<li>Masz prawo do rezygnacji (art. 17 RODO),<\/li>\n<li>Masz prawo \u017c\u0105da\u0107 ograniczenia przetwarzania swoich danych osobowych (art. 18 RODO),<\/li>\n<li>Masz prawo do przenoszenia danych (art.20 RODO),<\/li>\n<li>Masz prawo sprzeciwi\u0107 si\u0119 przetwarzaniu danych osobowych dotycz\u0105cych Ciebie (art. 21 RODO),<\/li>\n<li>Masz prawo nie podlega\u0107 decyzji opartej wy\u0142\u0105cznie na zautomatyzowanym przetwarzaniu &#8211; w tym profilowaniu &#8211; kt\u00f3ry wywo\u0142uje skutki prawne lub podobnie wp\u0142ywa na Ciebie w podobny spos\u00f3b (art. 22 RODO),<\/li>\n<li>Masz prawo z\u0142o\u017cy\u0107 skarg\u0119 do w\u0142a\u015bciwego organu nadzorczego w przypadku podejrzenia naruszenia prawa o ochronie danych (art. 77 RODO). Organ nadzorczy jest odpowiedzialny za Twoje zwyk\u0142e miejsce zamieszkania, miejsce pracy lub miejsce podejrzenia naruszenia.<\/li>\n<\/ul>\n<p>&nbsp;<\/p>\n<p><strong>Korzystanie z plik\u00f3w cookie<\/strong><\/p>\n<p>Podczas odwiedzania strony internetowej pliki cookie mog\u0105 by\u0107 przechowywane na Twoim urz\u0105dzeniu. Pliki cookie to ma\u0142e pliki tekstowe przechowywane przez u\u017cywan\u0105 przegl\u0105dark\u0119. Pliki cookie nie mog\u0105 uruchamia\u0107 program\u00f3w ani przesy\u0142a\u0107 wirus\u00f3w na urz\u0105dzenie. Jednak lokalizacja, kt\u00f3ra ustawia plik cookie, mo\u017ce otrzymywa\u0107 pewne informacje na jego temat. Pliki cookie s\u0142u\u017c\u0105 do uczynienia oferty internetowej bardziej przyjazn\u0105 dla u\u017cytkownika. Na przyk\u0142ad pliki cookie mog\u0105 s\u0142u\u017cy\u0107 do wykrywania urz\u0105dzenia, kt\u00f3re wywo\u0142a\u0142o t\u0119 stron\u0119 internetow\u0105, gdy jest ona wywo\u0142ywana ponownie.<\/p>\n<p>Ustawienia przegl\u0105darki ograniczaj\u0105 lub uniemo\u017cliwiaj\u0105 ustawienie plik\u00f3w cookie. Wi\u0119c z. Na przyk\u0142ad mo\u017ce zosta\u0107 zablokowana tylko akceptacja plik\u00f3w cookie stron trzecich, a nawet akceptacja wszystkich plik\u00f3w cookie. Jednak blokowanie mo\u017ce nie w\u0142\u0105czy\u0107 wszystkich funkcji tej witryny. W dalszym tek\u015bcie niniejszej polityki prywatno\u015bci szczeg\u00f3\u0142owo poinformujemy Ci\u0119, w kt\u00f3rych punktach i do jakich cel\u00f3w wykorzystywane s\u0105 pliki cookie na stronach.<\/p>\n","protected":false},"excerpt":{"rendered":"<p>W niniejszej polityce prywatno\u015bci informujemy o przetwarzaniu danych osobowych podczas korzystania z tej witryny. Odpowiedzialny Za przetwarzanie danych odpowiedzialny jest operator strony internetowej apartmedia GmbH, Damaschkestra\u00dfe 10, 28307 Bremen Dane osobowe Dane osobowe oznaczaj\u0105 wszelkie informacje dotycz\u0105ce zidentyfikowanej lub mo\u017cliwej do zidentyfikowania osoby fizycznej (\u201eosoby, kt\u00f3rej dane dotycz\u0105\u201d). Osoba fizyczna jest uwa\u017cana za mo\u017cliw\u0105 do [&hellip;]<\/p>\n","protected":false},"author":1,"featured_media":0,"parent":0,"menu_order":0,"comment_status":"closed","ping_status":"closed","template":"","meta":{"_et_pb_use_builder":"","_et_pb_old_content":"","_et_gb_content_width":"","footnotes":""},"class_list":["post-254","page","type-page","status-publish","hentry"],"_links":{"self":[{"href":"https:\/\/focus-sped.de\/pl\/wp-json\/wp\/v2\/pages\/254","targetHints":{"allow":["GET"]}}],"collection":[{"href":"https:\/\/focus-sped.de\/pl\/wp-json\/wp\/v2\/pages"}],"about":[{"href":"https:\/\/focus-sped.de\/pl\/wp-json\/wp\/v2\/types\/page"}],"author":[{"embeddable":true,"href":"https:\/\/focus-sped.de\/pl\/wp-json\/wp\/v2\/users\/1"}],"replies":[{"embeddable":true,"href":"https:\/\/focus-sped.de\/pl\/wp-json\/wp\/v2\/comments?post=254"}],"version-history":[{"count":1,"href":"https:\/\/focus-sped.de\/pl\/wp-json\/wp\/v2\/pages\/254\/revisions"}],"predecessor-version":[{"id":255,"href":"https:\/\/focus-sped.de\/pl\/wp-json\/wp\/v2\/pages\/254\/revisions\/255"}],"wp:attachment":[{"href":"https:\/\/focus-sped.de\/pl\/wp-json\/wp\/v2\/media?parent=254"}],"curies":[{"name":"wp","href":"https:\/\/api.w.org\/{rel}","templated":true}]}}